{"id":24,"date":"2020-02-07T12:15:45","date_gmt":"2020-02-07T12:15:45","guid":{"rendered":"http:\/\/sprachsalon.at\/?page_id=24"},"modified":"2020-02-07T14:32:32","modified_gmt":"2020-02-07T14:32:32","slug":"startseite","status":"publish","type":"page","link":"https:\/\/sprachsalon.at\/?page_id=24","title":{"rendered":"Kurse"},"content":{"rendered":"\n<h1>Welcher Kurs? <\/h1>\n\n\n\n<figure class=\"wp-block-image size-large\"><img loading=\"lazy\" width=\"1024\" height=\"1024\" src=\"https:\/\/sprachsalon.at\/wp-content\/uploads\/2020\/02\/Sprechblasen-lila-Kurse-gef\u00fcllt-1024x1024.jpg\" alt=\"\" class=\"wp-image-153\" srcset=\"https:\/\/sprachsalon.at\/wp-content\/uploads\/2020\/02\/Sprechblasen-lila-Kurse-gef\u00fcllt-1024x1024.jpg 1024w, https:\/\/sprachsalon.at\/wp-content\/uploads\/2020\/02\/Sprechblasen-lila-Kurse-gef\u00fcllt-300x300.jpg 300w, https:\/\/sprachsalon.at\/wp-content\/uploads\/2020\/02\/Sprechblasen-lila-Kurse-gef\u00fcllt-150x150.jpg 150w, https:\/\/sprachsalon.at\/wp-content\/uploads\/2020\/02\/Sprechblasen-lila-Kurse-gef\u00fcllt-768x768.jpg 768w, https:\/\/sprachsalon.at\/wp-content\/uploads\/2020\/02\/Sprechblasen-lila-Kurse-gef\u00fcllt.jpg 1181w\" sizes=\"(max-width: 1024px) 100vw, 1024px\" \/><\/figure>\n\n\n\n<p><br><\/p>\n\n\n\n<h4>Einzelunterricht<\/h4>\n\n\n\n<p>Sie lernen effektiv und in Ihrem eigenen Tempo in gem\u00fctlichem Ambiente.<\/p>\n\n\n\n<p><br><\/p>\n\n\n\n<h4>Unterricht zu zweit<\/h4>\n\n\n\n<p>Gemeinsam lernt es sich leichter und macht auch mehr Spa\u00df.<\/p>\n\n\n\n<p><br><\/p>\n\n\n\n<h4>Unterricht in Kleingruppe<\/h4>\n\n\n\n<p>Sie \u00fcben mit Freunden oder Kollegen auf \u00e4hnlichem Niveau.<\/p>\n\n\n\n<p><br><\/p>\n\n\n\n<h4>Konversationskurs<\/h4>\n\n\n\n<p>Erweitern Sie Ihre Sprechkompetenz durch Diskussionen, Dialoge und Rollenspiele.<\/p>\n\n\n\n<p><br><\/p>\n\n\n\n<h4>Konversation im Kaffeehaus<\/h4>\n\n\n\n<p>Wir treffen uns in einem traditionellen Wiener Kaffeehaus und unterhalten uns \u00fcber Themen Ihrer Wahl bei Kaffee und Kuchen.<\/p>\n\n\n\n<p><br><\/p>\n\n\n\n<h4>Lesekurs<\/h4>\n\n\n\n<p>Sie erweitern Ihr Verst\u00e4ndnis von Syntax und Stil bei der Lekt\u00fcre Ihrer Wahl.<\/p>\n\n\n\n<p><br><\/p>\n\n\n\n<h4>Schreibkurs<\/h4>\n\n\n\n<p>Verschiedene Textsorten werden je nach Bedarf ge\u00fcbt und dabei verbessern Sie Ihren schriftlichen Ausdruck in der Fremdsprache.<\/p>\n\n\n\n<p><br><\/p>\n\n\n\n<h4>Sprachpraxis im Alltag<\/h4>\n\n\n\n<p>Ich begleite Sie durch Ihren Alltag und Sie lernen Schritt f\u00fcr Schritt, praxisnah und angewandt.<\/p>\n\n\n\n<p><br><\/p>\n\n\n\n<h4>Vorbereitung f\u00fcr Zertifikationspr\u00fcfungen<\/h4>\n\n\n\n<p>Pr\u00fcfungsvorbereitung f\u00fcr alle Zertifikate in Deutsch des Europ\u00e4ischen Referenzrahmens (A1 &#8211; C1), \u00d6SD (\u00d6sterreichisches Sprach Diplom), TestDaF, Integrationspr\u00fcfung A2<\/p>\n\n\n\n<p><br><\/p>\n\n\n\n<h4>Unterricht via Skype<\/h4>\n\n\n\n<p>Sie erhalten Ihre \u00dcbungsunterlagen per email und wir \u00fcben online Konversation.<\/p>\n\n\n\n<p><br><\/p>\n\n\n\n<h4>Sprachconsultance<\/h4>\n\n\n\n<p>Ich unterst\u00fctze Sie durch sprachliche Assistenz bei konkreten Aufgaben in Ihrem Berufsalltag.<\/p>\n\n\n\n<p><br><\/p>\n\n\n\n<h4>Firmenkurse<\/h4>\n\n\n\n<p>Ben\u00f6tigen Ihre Mitarbeiter Einzel- oder Kleingruppenkurse kann der Sprachsalon auch in einem Konferenzraum Ihres Unternehmens stattfinden.<\/p>\n\n\n\n<p><br><\/p>\n","protected":false},"excerpt":{"rendered":"<p>Welcher Kurs? Einzelunterricht Sie lernen effektiv und in Ihrem eigenen Tempo in gem\u00fctlichem Ambiente. Unterricht zu zweit Gemeinsam lernt es sich leichter und macht auch mehr Spa\u00df. Unterricht in Kleingruppe Sie \u00fcben mit Freunden oder Kollegen auf \u00e4hnlichem Niveau. Konversationskurs Erweitern Sie Ihre Sprechkompetenz durch Diskussionen, Dialoge und Rollenspiele. Konversation im Kaffeehaus Wir treffen uns [&hellip;]<\/p>\n","protected":false},"author":1,"featured_media":0,"parent":0,"menu_order":0,"comment_status":"closed","ping_status":"closed","template":"","meta":[],"_links":{"self":[{"href":"https:\/\/sprachsalon.at\/index.php?rest_route=\/wp\/v2\/pages\/24"}],"collection":[{"href":"https:\/\/sprachsalon.at\/index.php?rest_route=\/wp\/v2\/pages"}],"about":[{"href":"https:\/\/sprachsalon.at\/index.php?rest_route=\/wp\/v2\/types\/page"}],"author":[{"embeddable":true,"href":"https:\/\/sprachsalon.at\/index.php?rest_route=\/wp\/v2\/users\/1"}],"replies":[{"embeddable":true,"href":"https:\/\/sprachsalon.at\/index.php?rest_route=%2Fwp%2Fv2%2Fcomments&post=24"}],"version-history":[{"count":12,"href":"https:\/\/sprachsalon.at\/index.php?rest_route=\/wp\/v2\/pages\/24\/revisions"}],"predecessor-version":[{"id":155,"href":"https:\/\/sprachsalon.at\/index.php?rest_route=\/wp\/v2\/pages\/24\/revisions\/155"}],"wp:attachment":[{"href":"https:\/\/sprachsalon.at\/index.php?rest_route=%2Fwp%2Fv2%2Fmedia&parent=24"}],"curies":[{"name":"wp","href":"https:\/\/api.w.org\/{rel}","templated":true}]}}